{"id":310,"date":"2025-11-20T19:05:52","date_gmt":"2025-11-20T18:05:52","guid":{"rendered":"https:\/\/colperfrance.com\/?page_id=310"},"modified":"2025-11-20T21:54:17","modified_gmt":"2025-11-20T20:54:17","slug":"book","status":"publish","type":"page","link":"https:\/\/colperfrance.com\/index.php\/book\/","title":{"rendered":"Nos Ouvrages"},"content":{"rendered":"\n<div class=\"wp-block-columns is-layout-flex wp-container-core-columns-is-layout-1e964356 wp-block-columns-is-layout-flex\" style=\"margin-top:0;margin-bottom:0;padding-top:0;padding-right:0;padding-bottom:0;padding-left:0\">\n<div class=\"wp-block-column is-layout-flow wp-block-column-is-layout-flow\"><\/div>\n\n\n\n<div class=\"wp-block-column is-layout-flow wp-block-column-is-layout-flow\"><div class=\"_df_thumb \" id=\"df_113\"  _slug=\"book-2025\" data-title=\"book-2025\" wpoptions=\"true\" thumb=\"http:\/\/colperfrance.com\/wp-content\/uploads\/2025\/11\/BOOK.png\" thumbtype=\"\" >Book 2025<\/div><script class=\"df-shortcode-script\" nowprocket type=\"application\/javascript\">window.option_df_113 = {\"outline\":[],\"backgroundColor\":\"#A9A9A9,\",\"height\":\"500\",\"viewerType\":\"flipbook\",\"autoEnableOutline\":\"false\",\"autoEnableThumbnail\":\"false\",\"overwritePDFOutline\":\"false\",\"enableDownload\":\"true\",\"direction\":\"1\",\"pageSize\":\"0\",\"controlsPosition\":\"top\",\"soundEnable\":\"false\",\"autoPlay\":\"true\",\"autoPlayStart\":\"true\",\"source\":\"http:\\\/\\\/colperfrance.com\\\/wp-content\\\/uploads\\\/2025\\\/11\\\/20252219_BOOK_A5-2025-V1-WEB.pdf\",\"wpOptions\":\"true\"}; if(window.DFLIP && window.DFLIP.parseBooks){window.DFLIP.parseBooks();}<\/script>\n<\/div>\n\n\n\n<div class=\"wp-block-column is-layout-flow wp-block-column-is-layout-flow\"><\/div>\n<\/div>\n\n\n\n<div class=\"wp-block-cover\" style=\"min-height:200px;aspect-ratio:unset;\"><img loading=\"lazy\" decoding=\"async\" width=\"1024\" height=\"614\" class=\"wp-block-cover__image-background wp-image-78\" alt=\"\" src=\"http:\/\/colperfrance.com\/wp-content\/uploads\/2025\/10\/cropped-IMG-20251022-WA0099-1024x614.jpg\" data-object-fit=\"cover\" srcset=\"https:\/\/colperfrance.com\/wp-content\/uploads\/2025\/10\/cropped-IMG-20251022-WA0099-1024x614.jpg 1024w, https:\/\/colperfrance.com\/wp-content\/uploads\/2025\/10\/cropped-IMG-20251022-WA0099-300x180.jpg 300w, https:\/\/colperfrance.com\/wp-content\/uploads\/2025\/10\/cropped-IMG-20251022-WA0099-768x461.jpg 768w, https:\/\/colperfrance.com\/wp-content\/uploads\/2025\/10\/cropped-IMG-20251022-WA0099-1536x922.jpg 1536w, https:\/\/colperfrance.com\/wp-content\/uploads\/2025\/10\/cropped-IMG-20251022-WA0099.jpg 2000w\" sizes=\"auto, (max-width: 1024px) 100vw, 1024px\" \/><span aria-hidden=\"true\" class=\"wp-block-cover__background has-background-dim\"><\/span><div class=\"wp-block-cover__inner-container is-layout-flow wp-block-cover-is-layout-flow\">\n<p class=\"has-text-align-center has-ast-global-color-4-color has-text-color has-link-color has-large-font-size wp-elements-e1f2c2efd6df7b55d2def2bf46cc0dab\">Chez <strong>COLPER<\/strong>, nous mettons notre expertise et notre cr\u00e9ativit\u00e9 au service de projets uniques. Notre portefeuille refl\u00e8te la diversit\u00e9 et la qualit\u00e9 de nos r\u00e9alisations, allant de <strong>concepts innovants<\/strong> \u00e0 <strong>solutions sur mesure<\/strong> adapt\u00e9es aux besoins de nos clients.<\/p>\n\n\n\n<p style=\"font-size:0px\"><\/p>\n<\/div><\/div>\n\n\n\n<p><\/p>\n","protected":false},"excerpt":{"rendered":"","protected":false},"author":1,"featured_media":0,"parent":0,"menu_order":0,"comment_status":"closed","ping_status":"closed","template":"","meta":{"site-sidebar-layout":"default","site-content-layout":"","ast-site-content-layout":"normal-width-container","site-content-style":"unboxed","site-sidebar-style":"default","ast-global-header-display":"","ast-banner-title-visibility":"","ast-main-header-display":"","ast-hfb-above-header-display":"","ast-hfb-below-header-display":"","ast-hfb-mobile-header-display":"","site-post-title":"","ast-breadcrumbs-content":"","ast-featured-img":"","footer-sml-layout":"","ast-disable-related-posts":"","theme-transparent-header-meta":"default","adv-header-id-meta":"","stick-header-meta":"","header-above-stick-meta":"","header-main-stick-meta":"","header-below-stick-meta":"","astra-migrate-meta-layouts":"default","ast-page-background-enabled":"default","ast-page-background-meta":{"desktop":{"background-color":"var(--ast-global-color-5)","background-image":"","background-repeat":"repeat","background-position":"center center","background-size":"auto","background-attachment":"scroll","background-type":"","background-media":"","overlay-type":"","overlay-color":"","overlay-opacity":"","overlay-gradient":""},"tablet":{"background-color":"","background-image":"","background-repeat":"repeat","background-position":"center center","background-size":"auto","background-attachment":"scroll","background-type":"","background-media":"","overlay-type":"","overlay-color":"","overlay-opacity":"","overlay-gradient":""},"mobile":{"background-color":"","background-image":"","background-repeat":"repeat","background-position":"center center","background-size":"auto","background-attachment":"scroll","background-type":"","background-media":"","overlay-type":"","overlay-color":"","overlay-opacity":"","overlay-gradient":""}},"ast-content-background-meta":{"desktop":{"background-color":"var(--ast-global-color-4)","background-image":"","background-repeat":"repeat","background-position":"center center","background-size":"auto","background-attachment":"scroll","background-type":"","background-media":"","overlay-type":"","overlay-color":"","overlay-opacity":"","overlay-gradient":""},"tablet":{"background-color":"var(--ast-global-color-4)","background-image":"","background-repeat":"repeat","background-position":"center center","background-size":"auto","background-attachment":"scroll","background-type":"","background-media":"","overlay-type":"","overlay-color":"","overlay-opacity":"","overlay-gradient":""},"mobile":{"background-color":"var(--ast-global-color-4)","background-image":"","background-repeat":"repeat","background-position":"center center","background-size":"auto","background-attachment":"scroll","background-type":"","background-media":"","overlay-type":"","overlay-color":"","overlay-opacity":"","overlay-gradient":""}},"footnotes":""},"class_list":["post-310","page","type-page","status-publish","hentry"],"_links":{"self":[{"href":"https:\/\/colperfrance.com\/index.php\/wp-json\/wp\/v2\/pages\/310","targetHints":{"allow":["GET"]}}],"collection":[{"href":"https:\/\/colperfrance.com\/index.php\/wp-json\/wp\/v2\/pages"}],"about":[{"href":"https:\/\/colperfrance.com\/index.php\/wp-json\/wp\/v2\/types\/page"}],"author":[{"embeddable":true,"href":"https:\/\/colperfrance.com\/index.php\/wp-json\/wp\/v2\/users\/1"}],"replies":[{"embeddable":true,"href":"https:\/\/colperfrance.com\/index.php\/wp-json\/wp\/v2\/comments?post=310"}],"version-history":[{"count":18,"href":"https:\/\/colperfrance.com\/index.php\/wp-json\/wp\/v2\/pages\/310\/revisions"}],"predecessor-version":[{"id":388,"href":"https:\/\/colperfrance.com\/index.php\/wp-json\/wp\/v2\/pages\/310\/revisions\/388"}],"wp:attachment":[{"href":"https:\/\/colperfrance.com\/index.php\/wp-json\/wp\/v2\/media?parent=310"}],"curies":[{"name":"wp","href":"https:\/\/api.w.org\/{rel}","templated":true}]}}