{"id":41,"date":"2025-10-22T19:52:39","date_gmt":"2025-10-22T17:52:39","guid":{"rendered":"https:\/\/colperfrance.com\/?page_id=41"},"modified":"2025-11-20T21:47:28","modified_gmt":"2025-11-20T20:47:28","slug":"contactez-nous","status":"publish","type":"page","link":"https:\/\/colperfrance.com\/index.php\/contactez-nous\/","title":{"rendered":"Contactez nous"},"content":{"rendered":"\n<div class=\"wp-block-media-text is-stacked-on-mobile has-medium-font-size\" style=\"padding-top:0;padding-bottom:0;grid-template-columns:39% auto\"><figure class=\"wp-block-media-text__media\"><img loading=\"lazy\" decoding=\"async\" width=\"683\" height=\"1024\" src=\"http:\/\/colperfrance.com\/wp-content\/uploads\/2025\/10\/sculpture-8538468_1920-683x1024.jpg\" alt=\"\" class=\"wp-image-87 size-full\" srcset=\"https:\/\/colperfrance.com\/wp-content\/uploads\/2025\/10\/sculpture-8538468_1920-683x1024.jpg 683w, https:\/\/colperfrance.com\/wp-content\/uploads\/2025\/10\/sculpture-8538468_1920-200x300.jpg 200w, https:\/\/colperfrance.com\/wp-content\/uploads\/2025\/10\/sculpture-8538468_1920-768x1152.jpg 768w, https:\/\/colperfrance.com\/wp-content\/uploads\/2025\/10\/sculpture-8538468_1920-1024x1536.jpg 1024w, https:\/\/colperfrance.com\/wp-content\/uploads\/2025\/10\/sculpture-8538468_1920.jpg 1280w\" sizes=\"auto, (max-width: 683px) 100vw, 683px\" \/><\/figure><div class=\"wp-block-media-text__content\">\n<p style=\"font-size:18px\"><strong>Vous avez un projet ? Nous avons la solution.<\/strong><\/p>\n\n\n\n<p style=\"font-size:18px\"><br>Vous envisagez la pose d\u2019une <strong>fa\u00e7ade<\/strong>, de <strong>menuiseries ext\u00e9rieures<\/strong> ou de <strong>bardage<\/strong> ?<br>Chez <strong>COLPER<\/strong>, nous mettons notre expertise \u00e0 votre service pour transformer vos id\u00e9es en r\u00e9alisations durables et esth\u00e9tiques.<br>Notre \u00e9quipe est \u00e0 votre \u00e9coute pour :<br>\u2714 <strong>Comprendre vos besoins<\/strong> et vos contraintes.<br>\u2714 <strong>Vous conseiller<\/strong> sur les meilleures options techniques et esth\u00e9tiques.<br>\u2714 <strong>Proposer des solutions sur mesure<\/strong>, adapt\u00e9es \u00e0 votre budget et \u00e0 vos d\u00e9lais.<br>Que ce soit pour un projet <strong>neuf<\/strong> ou <strong>r\u00e9novation<\/strong>, nous vous accompagnons <strong>de la conception \u00e0 la pose<\/strong>, avec un engagement fort en mati\u00e8re de <strong>qualit\u00e9<\/strong>, <strong>s\u00e9curit\u00e9<\/strong> et <strong>respect des d\u00e9lais<\/strong>.<br><strong>Contactez-nous d\u00e8s aujourd\u2019hui pour discuter de votre projet et obtenir un devis personnalis\u00e9.<\/strong><\/p>\n\n\n\n<p><strong>93 avenue Marceau, 92400 Courbevoie, France<\/strong><br>\ud83d\udce7 <strong>Email<\/strong> : contact@colperfrance.com<br>\ud83d\udd52 <strong>Horaires<\/strong> :  Lundi \u2013 Vendredi : 8h \u2013 17h<\/p>\n<\/div><\/div>\n\n\n\n<div class=\"wp-block-columns is-layout-flex wp-container-core-columns-is-layout-28f84493 wp-block-columns-is-layout-flex\">\n<div class=\"wp-block-column is-layout-flow wp-block-column-is-layout-flow\">\n<hr class=\"wp-block-separator has-css-opacity is-style-default\"\/>\n\n\n\n<figure class=\"wp-block-image aligncenter size-large is-resized is-style-rounded\"><img decoding=\"async\" src=\"https:\/\/s.w.org\/images\/core\/5.8\/portrait.jpg\" alt=\"Un portrait de profil d\u2019une femme portant un pull \u00e0 col roul\u00e9 ocre et un sac blanc. Elle regarde en l\u2019air et ferme les yeux.\" style=\"width:150px;height:150px\"\/><\/figure>\n\n\n\n<blockquote class=\"wp-block-quote has-text-align-center is-style-large is-layout-flow wp-block-quote-is-layout-flow\">\n<p>\u00ab&nbsp;Contribuer me donne l\u2019impression d\u2019\u00eatre utile \u00e0 la plan\u00e8te&nbsp;\u00bb<\/p>\n<cite>\u2014 Anna Wong, <em>B\u00e9n\u00e9vole<\/em><\/cite><\/blockquote>\n\n\n\n<hr class=\"wp-block-separator has-css-opacity is-style-default\"\/>\n<\/div>\n\n\n\n<div class=\"wp-block-column is-layout-flow wp-block-column-is-layout-flow\">\n<hr class=\"wp-block-separator has-css-opacity is-style-default\"\/>\n\n\n\n<figure class=\"wp-block-image aligncenter size-large is-resized is-style-rounded\"><img decoding=\"async\" src=\"https:\/\/s.w.org\/images\/core\/5.8\/portrait.jpg\" alt=\"Un portrait de profil d\u2019une femme portant un pull \u00e0 col roul\u00e9 ocre et un sac blanc. Elle regarde en l\u2019air et ferme les yeux.\" style=\"width:150px;height:150px\"\/><\/figure>\n\n\n\n<blockquote class=\"wp-block-quote has-text-align-center is-style-large is-layout-flow wp-block-quote-is-layout-flow\">\n<p>\u00ab&nbsp;Contribuer me donne l\u2019impression d\u2019\u00eatre utile \u00e0 la plan\u00e8te&nbsp;\u00bb<\/p>\n<cite>\u2014 Anna Wong, <em>B\u00e9n\u00e9vole<\/em><\/cite><\/blockquote>\n\n\n\n<hr class=\"wp-block-separator has-css-opacity is-style-default\"\/>\n<\/div>\n\n\n\n<div class=\"wp-block-column is-layout-flow wp-block-column-is-layout-flow\">\n<hr class=\"wp-block-separator has-css-opacity is-style-default\"\/>\n\n\n\n<figure class=\"wp-block-image aligncenter size-large is-resized is-style-rounded\"><img decoding=\"async\" src=\"https:\/\/s.w.org\/images\/core\/5.8\/portrait.jpg\" alt=\"Un portrait de profil d\u2019une femme portant un pull \u00e0 col roul\u00e9 ocre et un sac blanc. Elle regarde en l\u2019air et ferme les yeux.\" style=\"width:150px;height:150px\"\/><\/figure>\n\n\n\n<blockquote class=\"wp-block-quote has-text-align-center is-style-large is-layout-flow wp-block-quote-is-layout-flow\">\n<p>\u00ab&nbsp;Contribuer me donne l\u2019impression d\u2019\u00eatre utile \u00e0 la plan\u00e8te&nbsp;\u00bb<\/p>\n<cite>\u2014 Anna Wong, <em>B\u00e9n\u00e9vole<\/em><\/cite><\/blockquote>\n\n\n\n<hr class=\"wp-block-separator has-css-opacity is-style-default\"\/>\n<\/div>\n<\/div>\n\n\n\n<p><\/p>\n","protected":false},"excerpt":{"rendered":"<p>Vous avez un projet ? Nous avons la solution. Vous envisagez la pose d\u2019une fa\u00e7ade, de menuiseries ext\u00e9rieures ou de [&hellip;]<\/p>\n","protected":false},"author":1,"featured_media":0,"parent":0,"menu_order":0,"comment_status":"closed","ping_status":"closed","template":"","meta":{"site-sidebar-layout":"default","site-content-layout":"","ast-site-content-layout":"normal-width-container","site-content-style":"default","site-sidebar-style":"default","ast-global-header-display":"","ast-banner-title-visibility":"","ast-main-header-display":"","ast-hfb-above-header-display":"","ast-hfb-below-header-display":"","ast-hfb-mobile-header-display":"","site-post-title":"","ast-breadcrumbs-content":"","ast-featured-img":"","footer-sml-layout":"","ast-disable-related-posts":"","theme-transparent-header-meta":"","adv-header-id-meta":"","stick-header-meta":"","header-above-stick-meta":"","header-main-stick-meta":"","header-below-stick-meta":"","astra-migrate-meta-layouts":"default","ast-page-background-enabled":"default","ast-page-background-meta":{"desktop":{"background-color":"var(--ast-global-color-5)","background-image":"","background-repeat":"repeat","background-position":"center center","background-size":"auto","background-attachment":"scroll","background-type":"","background-media":"","overlay-type":"","overlay-color":"","overlay-opacity":"","overlay-gradient":""},"tablet":{"background-color":"","background-image":"","background-repeat":"repeat","background-position":"center center","background-size":"auto","background-attachment":"scroll","background-type":"","background-media":"","overlay-type":"","overlay-color":"","overlay-opacity":"","overlay-gradient":""},"mobile":{"background-color":"","background-image":"","background-repeat":"repeat","background-position":"center center","background-size":"auto","background-attachment":"scroll","background-type":"","background-media":"","overlay-type":"","overlay-color":"","overlay-opacity":"","overlay-gradient":""}},"ast-content-background-meta":{"desktop":{"background-color":"var(--ast-global-color-4)","background-image":"","background-repeat":"repeat","background-position":"center center","background-size":"auto","background-attachment":"scroll","background-type":"","background-media":"","overlay-type":"","overlay-color":"","overlay-opacity":"","overlay-gradient":""},"tablet":{"background-color":"var(--ast-global-color-4)","background-image":"","background-repeat":"repeat","background-position":"center center","background-size":"auto","background-attachment":"scroll","background-type":"","background-media":"","overlay-type":"","overlay-color":"","overlay-opacity":"","overlay-gradient":""},"mobile":{"background-color":"var(--ast-global-color-4)","background-image":"","background-repeat":"repeat","background-position":"center center","background-size":"auto","background-attachment":"scroll","background-type":"","background-media":"","overlay-type":"","overlay-color":"","overlay-opacity":"","overlay-gradient":""}},"footnotes":""},"class_list":["post-41","page","type-page","status-publish","hentry"],"_links":{"self":[{"href":"https:\/\/colperfrance.com\/index.php\/wp-json\/wp\/v2\/pages\/41","targetHints":{"allow":["GET"]}}],"collection":[{"href":"https:\/\/colperfrance.com\/index.php\/wp-json\/wp\/v2\/pages"}],"about":[{"href":"https:\/\/colperfrance.com\/index.php\/wp-json\/wp\/v2\/types\/page"}],"author":[{"embeddable":true,"href":"https:\/\/colperfrance.com\/index.php\/wp-json\/wp\/v2\/users\/1"}],"replies":[{"embeddable":true,"href":"https:\/\/colperfrance.com\/index.php\/wp-json\/wp\/v2\/comments?post=41"}],"version-history":[{"count":9,"href":"https:\/\/colperfrance.com\/index.php\/wp-json\/wp\/v2\/pages\/41\/revisions"}],"predecessor-version":[{"id":382,"href":"https:\/\/colperfrance.com\/index.php\/wp-json\/wp\/v2\/pages\/41\/revisions\/382"}],"wp:attachment":[{"href":"https:\/\/colperfrance.com\/index.php\/wp-json\/wp\/v2\/media?parent=41"}],"curies":[{"name":"wp","href":"https:\/\/api.w.org\/{rel}","templated":true}]}}