{"id":58,"date":"2025-10-22T20:16:37","date_gmt":"2025-10-22T18:16:37","guid":{"rendered":"https:\/\/colperfrance.com\/?page_id=58"},"modified":"2025-11-20T21:24:33","modified_gmt":"2025-11-20T20:24:33","slug":"presentation","status":"publish","type":"page","link":"https:\/\/colperfrance.com\/","title":{"rendered":"Pr\u00e9sentation"},"content":{"rendered":"<div class=\"hero-rotator\"><img decoding=\"async\" id=\"hero-image\" src=\"\" alt=\"Hero Image\"><\/div><script>\n        document.addEventListener(\"DOMContentLoaded\", function() {\n            const hero = document.getElementById(\"hero-image\");\n            const images = [\"https:\\\/\\\/colperfrance.com\\\/wp-content\\\/uploads\\\/2025\\\/10\\\/cropped-sculpture-8538468_1920.jpg\",\"https:\\\/\\\/colperfrance.com\\\/wp-content\\\/uploads\\\/2025\\\/10\\\/cropped-apartment-2179337_1920.jpg\",\"https:\\\/\\\/colperfrance.com\\\/wp-content\\\/uploads\\\/2025\\\/10\\\/cropped-baptiste-buisson-OlcSJM4Jz3M-unsplash-scaled-1.jpg\",\"https:\\\/\\\/colperfrance.com\\\/wp-content\\\/uploads\\\/2025\\\/10\\\/cropped-architecture-1868272_1280.jpg\",\"https:\\\/\\\/colperfrance.com\\\/wp-content\\\/uploads\\\/2025\\\/10\\\/cropped-abstract-1867937_1280.jpg\"];\n            let currentIndex = Math.floor(Math.random() * images.length);\n            hero.src = images[currentIndex];\n            setInterval(() => {\n                currentIndex = Math.floor(Math.random() * images.length);\n                hero.style.opacity = 0;\n                setTimeout(() => {\n                    hero.src = images[currentIndex];\n                    hero.style.opacity = 1;\n                }, 500);\n            }, 5000);\n        });\n    <\/script>\n\n\n\n<div class=\"wp-block-group is-layout-constrained wp-block-group-is-layout-constrained\">\n<h3 class=\"wp-block-heading\"><strong>COLPER \u2013 L\u2019expertise au service de vos projets<\/strong><\/h3>\n\n\n\n<p>Chez <strong>COLPER<\/strong>, nous transformons vos id\u00e9es en r\u00e9alisations durables et \u00e9l\u00e9gantes. Sp\u00e9cialistes en <strong>pose de fa\u00e7ades<\/strong>, <strong>menuiseries ext\u00e9rieures<\/strong> et <strong>bardages<\/strong>, nous accompagnons les professionnels du b\u00e2timent et les particuliers exigeants avec des solutions sur mesure.<\/p>\n\n\n\n<h3 class=\"wp-block-heading\">Nos prestations<\/h3>\n\n\n\n<ul class=\"wp-block-list\">\n<li><strong>Fa\u00e7ades ventil\u00e9es<\/strong> : isolation performante et design contemporain pour valoriser vos b\u00e2timents.<\/li>\n\n\n\n<li><strong>Menuiseries ext\u00e9rieures<\/strong> : fen\u00eatres, portes, baies vitr\u00e9es en aluminium, PVC ou bois, alliant confort et esth\u00e9tique.<\/li>\n\n\n\n<li><strong>Bardages<\/strong> : bois, composite, m\u00e9tal ou panneaux stratifi\u00e9s pour une protection optimale et une finition \u00e9l\u00e9gante.<\/li>\n<\/ul>\n\n\n\n<h3 class=\"wp-block-heading\">Pourquoi choisir COLPER ?<\/h3>\n\n\n\n<p>\u2714 <strong>Qualit\u00e9 garantie<\/strong> : des mat\u00e9riaux certifi\u00e9s et une pose irr\u00e9prochable.<br>\u2714 <strong>Respect des d\u00e9lais<\/strong> : votre projet livr\u00e9 dans les temps.<br>\u2714 <strong>Innovation et durabilit\u00e9<\/strong> : des solutions conformes aux normes environnementales et architecturales.<br>\u2714 <strong>Accompagnement personnalis\u00e9<\/strong> : de la conception \u00e0 la r\u00e9alisation.<\/p>\n\n\n\n<h3 class=\"wp-block-heading\">Nos engagements<\/h3>\n\n\n\n<p>Chaque projet est unique. Nous mettons un point d\u2019honneur \u00e0 offrir <strong>professionnalisme<\/strong>, <strong>transparence<\/strong> et <strong>r\u00e9activit\u00e9<\/strong> \u00e0 chaque \u00e9tape. Gr\u00e2ce \u00e0 notre veille permanente sur les innovations, nous vous proposons des solutions techniques \u00e0 la pointe.<\/p>\n\n\n\n<hr class=\"wp-block-separator has-alpha-channel-opacity\"\/>\n\n\n\n<p>\u2705 <strong>Contactez-nous d\u00e8s aujourd\u2019hui pour concr\u00e9tiser votre projet !<\/strong><\/p>\n\n\n\n<p><\/p>\n<\/div>\n\n\n\n<p><\/p>\n","protected":false},"excerpt":{"rendered":"<p>COLPER \u2013 L\u2019expertise au service de vos projets Chez COLPER, nous transformons vos id\u00e9es en r\u00e9alisations durables et \u00e9l\u00e9gantes. Sp\u00e9cialistes [&hellip;]<\/p>\n","protected":false},"author":1,"featured_media":0,"parent":0,"menu_order":0,"comment_status":"closed","ping_status":"closed","template":"","meta":{"site-sidebar-layout":"default","site-content-layout":"","ast-site-content-layout":"full-width-container","site-content-style":"default","site-sidebar-style":"default","ast-global-header-display":"","ast-banner-title-visibility":"","ast-main-header-display":"","ast-hfb-above-header-display":"","ast-hfb-below-header-display":"","ast-hfb-mobile-header-display":"","site-post-title":"","ast-breadcrumbs-content":"","ast-featured-img":"","footer-sml-layout":"","ast-disable-related-posts":"","theme-transparent-header-meta":"default","adv-header-id-meta":"","stick-header-meta":"","header-above-stick-meta":"","header-main-stick-meta":"","header-below-stick-meta":"","astra-migrate-meta-layouts":"default","ast-page-background-enabled":"default","ast-page-background-meta":{"desktop":{"background-color":"var(--ast-global-color-5)","background-image":"","background-repeat":"repeat","background-position":"center center","background-size":"auto","background-attachment":"scroll","background-type":"","background-media":"","overlay-type":"","overlay-color":"","overlay-opacity":"","overlay-gradient":""},"tablet":{"background-color":"","background-image":"","background-repeat":"repeat","background-position":"center center","background-size":"auto","background-attachment":"scroll","background-type":"","background-media":"","overlay-type":"","overlay-color":"","overlay-opacity":"","overlay-gradient":""},"mobile":{"background-color":"","background-image":"","background-repeat":"repeat","background-position":"center center","background-size":"auto","background-attachment":"scroll","background-type":"","background-media":"","overlay-type":"","overlay-color":"","overlay-opacity":"","overlay-gradient":""}},"ast-content-background-meta":{"desktop":{"background-color":"var(--ast-global-color-4)","background-image":"","background-repeat":"repeat","background-position":"center center","background-size":"auto","background-attachment":"scroll","background-type":"","background-media":"","overlay-type":"","overlay-color":"","overlay-opacity":"","overlay-gradient":""},"tablet":{"background-color":"var(--ast-global-color-4)","background-image":"","background-repeat":"repeat","background-position":"center center","background-size":"auto","background-attachment":"scroll","background-type":"","background-media":"","overlay-type":"","overlay-color":"","overlay-opacity":"","overlay-gradient":""},"mobile":{"background-color":"var(--ast-global-color-4)","background-image":"","background-repeat":"repeat","background-position":"center center","background-size":"auto","background-attachment":"scroll","background-type":"","background-media":"","overlay-type":"","overlay-color":"","overlay-opacity":"","overlay-gradient":""}},"footnotes":""},"class_list":["post-58","page","type-page","status-publish","hentry"],"_links":{"self":[{"href":"https:\/\/colperfrance.com\/index.php\/wp-json\/wp\/v2\/pages\/58","targetHints":{"allow":["GET"]}}],"collection":[{"href":"https:\/\/colperfrance.com\/index.php\/wp-json\/wp\/v2\/pages"}],"about":[{"href":"https:\/\/colperfrance.com\/index.php\/wp-json\/wp\/v2\/types\/page"}],"author":[{"embeddable":true,"href":"https:\/\/colperfrance.com\/index.php\/wp-json\/wp\/v2\/users\/1"}],"replies":[{"embeddable":true,"href":"https:\/\/colperfrance.com\/index.php\/wp-json\/wp\/v2\/comments?post=58"}],"version-history":[{"count":98,"href":"https:\/\/colperfrance.com\/index.php\/wp-json\/wp\/v2\/pages\/58\/revisions"}],"predecessor-version":[{"id":375,"href":"https:\/\/colperfrance.com\/index.php\/wp-json\/wp\/v2\/pages\/58\/revisions\/375"}],"wp:attachment":[{"href":"https:\/\/colperfrance.com\/index.php\/wp-json\/wp\/v2\/media?parent=58"}],"curies":[{"name":"wp","href":"https:\/\/api.w.org\/{rel}","templated":true}]}}